{"id":3692,"date":"2026-01-13T13:02:33","date_gmt":"2026-01-13T13:02:33","guid":{"rendered":"https:\/\/kaamos.lv\/riiti\/?page_id=3692"},"modified":"2026-02-26T14:49:15","modified_gmt":"2026-02-26T14:49:15","slug":"attistitajs","status":"publish","type":"page","link":"https:\/\/kaamos.lv\/riiti\/attistitajs\/","title":{"rendered":"Att\u012bst\u012bt\u0101js"},"content":{"rendered":"","protected":false},"excerpt":{"rendered":"","protected":false},"author":13,"featured_media":0,"parent":0,"menu_order":34,"comment_status":"closed","ping_status":"closed","template":"page-tegijad.php","meta":{"_acf_changed":false,"inline_featured_image":false,"footnotes":""},"class_list":["post-3692","page","type-page","status-publish","hentry"],"acf":[],"lang":"lv","translations":{"en":1356,"ru":1358,"lv":3692},"pll_sync_post":[],"_links":{"self":[{"href":"https:\/\/kaamos.lv\/riiti\/wp-json\/wp\/v2\/pages\/3692","targetHints":{"allow":["GET"]}}],"collection":[{"href":"https:\/\/kaamos.lv\/riiti\/wp-json\/wp\/v2\/pages"}],"about":[{"href":"https:\/\/kaamos.lv\/riiti\/wp-json\/wp\/v2\/types\/page"}],"author":[{"embeddable":true,"href":"https:\/\/kaamos.lv\/riiti\/wp-json\/wp\/v2\/users\/13"}],"replies":[{"embeddable":true,"href":"https:\/\/kaamos.lv\/riiti\/wp-json\/wp\/v2\/comments?post=3692"}],"version-history":[{"count":13,"href":"https:\/\/kaamos.lv\/riiti\/wp-json\/wp\/v2\/pages\/3692\/revisions"}],"predecessor-version":[{"id":3788,"href":"https:\/\/kaamos.lv\/riiti\/wp-json\/wp\/v2\/pages\/3692\/revisions\/3788"}],"wp:attachment":[{"href":"https:\/\/kaamos.lv\/riiti\/wp-json\/wp\/v2\/media?parent=3692"}],"curies":[{"name":"wp","href":"https:\/\/api.w.org\/{rel}","templated":true}]}}