{"id":3932,"date":"2026-03-27T10:28:31","date_gmt":"2026-03-27T10:28:31","guid":{"rendered":"https:\/\/kaamos.lv\/riiti\/?page_id=2045"},"modified":"2026-04-12T13:29:22","modified_gmt":"2026-04-12T13:29:22","slug":"cenas","status":"publish","type":"page","link":"https:\/\/kaamos.lv\/riiti\/cenas\/","title":{"rendered":"Dz\u012bvok\u013cu izv\u0113le"},"content":{"rendered":"","protected":false},"excerpt":{"rendered":"","protected":false},"author":10,"featured_media":0,"parent":0,"menu_order":12,"comment_status":"closed","ping_status":"closed","template":"page-hinnad.php","meta":{"_acf_changed":false,"inline_featured_image":false,"footnotes":""},"class_list":["post-3932","page","type-page","status-publish","hentry"],"acf":[],"lang":"lv","translations":{"en":3918,"lv":3932,"ru":4008},"pll_sync_post":[],"_links":{"self":[{"href":"https:\/\/kaamos.lv\/riiti\/wp-json\/wp\/v2\/pages\/3932","targetHints":{"allow":["GET"]}}],"collection":[{"href":"https:\/\/kaamos.lv\/riiti\/wp-json\/wp\/v2\/pages"}],"about":[{"href":"https:\/\/kaamos.lv\/riiti\/wp-json\/wp\/v2\/types\/page"}],"author":[{"embeddable":true,"href":"https:\/\/kaamos.lv\/riiti\/wp-json\/wp\/v2\/users\/10"}],"replies":[{"embeddable":true,"href":"https:\/\/kaamos.lv\/riiti\/wp-json\/wp\/v2\/comments?post=3932"}],"version-history":[{"count":7,"href":"https:\/\/kaamos.lv\/riiti\/wp-json\/wp\/v2\/pages\/3932\/revisions"}],"predecessor-version":[{"id":4040,"href":"https:\/\/kaamos.lv\/riiti\/wp-json\/wp\/v2\/pages\/3932\/revisions\/4040"}],"wp:attachment":[{"href":"https:\/\/kaamos.lv\/riiti\/wp-json\/wp\/v2\/media?parent=3932"}],"curies":[{"name":"wp","href":"https:\/\/api.w.org\/{rel}","templated":true}]}}